{"id":15866,"date":"2025-08-21T14:08:56","date_gmt":"2025-08-21T12:08:56","guid":{"rendered":"https:\/\/resivac.eu\/produit\/alexain-evasion-1n\/"},"modified":"2025-08-21T14:08:56","modified_gmt":"2025-08-21T12:08:56","slug":"alexain-evasion-1n","status":"publish","type":"product","link":"https:\/\/resivac.eu\/en\/produit\/alexain-evasion-1n\/","title":{"rendered":"Evasion et balade au c\u0153ur du massif vosgien \/ 1 Nuit"},"content":{"rendered":"<p><em>Offre valable sur r\u00e9servation pr\u00e9alable obligatoire et selon disponibilit\u00e9s. A utiliser en une seule fois et non remboursable. Se munir du bon lors de l&#8217;arriv\u00e9e.<\/em><\/p>\n<h4 class=\"section-title left\">Votre coffret cadeau comprend:<\/h4>\n<p>\u2022 1 Nuit\u00e9e en chambre double standard<br \/>\n\u2022 1 Petit d\u00e9jeuner buffet \u00e0 volont\u00e9 et au cr\u00e9mant d\u2019Alsace<br \/>\n\u2022 -50% Acc\u00e8s au Spa de l\u2019H\u00f4tel (piscine, sauna, hammam)<br \/>\n\u2022 -10% Dans notre restaurant sur le menu ( hors boissons)<\/p>\n<div class=\"section-title-wr\">\n<h4 class=\"section-title left\">D\u00e9tails suppl\u00e9mentaires<\/h4>\n<p>Jours de validit\u00e9 du coffret cadeau :<br \/>\n<i class=\"fa fa-check-square\"><\/i> Lun. <i class=\"fa fa-check-square\"><\/i> Mar. <i class=\"fa fa-check-square\"><\/i> Mer. <i class=\"fa fa-check-square\"><\/i> Jeu. <i class=\"fa fa-check-square\"><\/i> Ven. <i class=\"fa fa-check-square\"><\/i> Sam. <i class=\"fa fa-check-square\"><\/i> Dim.<\/p>\n<\/div>\n<table class=\"table table-bordered table-striped table-hover table-responsive\">\n<tbody>\n<tr>\n<td><strong>Validit\u00e9: <\/strong>12 mois<\/td>\n<td><strong>Prix: <b>119<\/b><b>\u20ac \u00a0pour 2 personnes<\/b><\/strong><\/td>\n<td><\/td>\n<\/tr>\n<tr>\n<td><strong>Animaux accept\u00e9s: <\/strong>Oui*<\/td>\n<td><strong>Taxe de s\u00e9jour: <\/strong>1,71\u20ac\/Personne par jour<\/td>\n<td><strong>R\u00e9servation: <\/strong>(+33) 03 89 49 81 61<\/td>\n<\/tr>\n<tr>\n<td><strong>H\u00f4tel: <\/strong>L\u2019Alexain Trois \u00c9pis<\/td>\n<td><strong>\u00c9TOILE: <\/strong>\u2606\u2606\u2606<\/td>\n<td><strong>Ville: <\/strong>Trois Epis &#8211; Alsace<\/td>\n<\/tr>\n<tr>\n<td><strong>Parking: <\/strong>Gratuit<\/td>\n<td><strong>Wifi: <\/strong>Gratuit<\/td>\n<td><\/td>\n<\/tr>\n<\/tbody>\n<\/table>\n<div class=\"section-title-wr\"><\/div>\n<p><i class=\"fa fa-info-circle\"><\/i> Coffret non \u00e9changeable, non remboursable..<\/p>\n","protected":false},"excerpt":{"rendered":"<p><b>Evasion et balade au c\u0153ur du massif vosgien<br \/>\n<\/b>\u2022 1 Nuit\u00e9e en chambre double standard<br \/>\n\u2022 1 Petit d\u00e9jeuner buffet \u00e0 volont\u00e9 et au cr\u00e9mant d\u2019Alsace<br \/>\n\u2022 -50% Acc\u00e8s au Spa de l\u2019H\u00f4tel (piscine, sauna, hammam)<br \/>\n\u2022 -10% Dans notre restaurant sur le menu ( hors boissons)<b><br \/>\n1 Nuit\u00a0<\/b><b>119\u20ac<\/b><b>\u00a0pour 2 personnes.<\/b><\/p>\n","protected":false},"featured_media":15734,"template":"","meta":{"_seopress_robots_primary_cat":"none","_seopress_titles_title":"","_seopress_titles_desc":"","_seopress_robots_index":""},"etheme_brands":[],"product_brand":[],"product_cat":[160,166],"product_tag":[],"class_list":{"0":"post-15866","1":"product","2":"type-product","3":"status-publish","4":"has-post-thumbnail","6":"product_cat-gift-box","7":"product_cat-lalexain-en","9":"first","10":"instock","11":"taxable","12":"shipping-taxable","13":"product-type-external"},"_links":{"self":[{"href":"https:\/\/resivac.eu\/en\/wp-json\/wp\/v2\/product\/15866","targetHints":{"allow":["GET"]}}],"collection":[{"href":"https:\/\/resivac.eu\/en\/wp-json\/wp\/v2\/product"}],"about":[{"href":"https:\/\/resivac.eu\/en\/wp-json\/wp\/v2\/types\/product"}],"wp:featuredmedia":[{"embeddable":true,"href":"https:\/\/resivac.eu\/en\/wp-json\/wp\/v2\/media\/15734"}],"wp:attachment":[{"href":"https:\/\/resivac.eu\/en\/wp-json\/wp\/v2\/media?parent=15866"}],"wp:term":[{"taxonomy":"brand","embeddable":true,"href":"https:\/\/resivac.eu\/en\/wp-json\/wp\/v2\/etheme_brands?post=15866"},{"taxonomy":"product_brand","embeddable":true,"href":"https:\/\/resivac.eu\/en\/wp-json\/wp\/v2\/product_brand?post=15866"},{"taxonomy":"product_cat","embeddable":true,"href":"https:\/\/resivac.eu\/en\/wp-json\/wp\/v2\/product_cat?post=15866"},{"taxonomy":"product_tag","embeddable":true,"href":"https:\/\/resivac.eu\/en\/wp-json\/wp\/v2\/product_tag?post=15866"}],"curies":[{"name":"wp","href":"https:\/\/api.w.org\/{rel}","templated":true}]}}