{"id":15877,"date":"2025-08-21T13:18:27","date_gmt":"2025-08-21T11:18:27","guid":{"rendered":"https:\/\/resivac.eu\/produit\/sejour-cocooning-et-bien-etre-1-nuit\/"},"modified":"2025-08-21T13:18:27","modified_gmt":"2025-08-21T11:18:27","slug":"sejour-cocooning-et-bien-etre-1-nuit","status":"publish","type":"product","link":"https:\/\/resivac.eu\/de\/produit\/sejour-cocooning-et-bien-etre-1-nuit\/","title":{"rendered":"S\u00e9jour cocooning et bien-\u00eatre \/1 Nuit"},"content":{"rendered":"<p><em>Offre valable sur r\u00e9servation pr\u00e9alable obligatoire et selon disponibilit\u00e9s. A utiliser en une seule fois et non remboursable. Se munir du bon lors de l&#8217;arriv\u00e9e.<\/em><\/p>\n<h4 class=\"section-title left\">Votre coffret cadeau comprend:<\/h4>\n<p style=\"font-weight: 400\">\u2022 \u00a01 Nuit\u00e9e en chambre double sup\u00e9rieure avec balcon vue sur le ch\u00e2teau et le vignoble<br \/>\n\u2022 1 Petit d\u00e9jeuner buffet \u00e0 volont\u00e9 et au cr\u00e9mant d\u2019Alsace<br \/>\n\u2022 1 D\u00eener Menu 4 plats hors boissons<br \/>\n\u2022 1 Acc\u00e8s au Spa de l\u2019H\u00f4tel (piscine, sauna, hammam)<\/p>\n<div class=\"section-title-wr\">\n<h4 class=\"section-title left\">D\u00e9tails suppl\u00e9mentaires<\/h4>\n<p>Jours de validit\u00e9 du coffret cadeau :<br \/>\n<i class=\"fa fa-check-square\"><\/i> Lun. <i class=\"fa fa-check-square\"><\/i> Mar. <i class=\"fa fa-check-square\"><\/i> Mer. <i class=\"fa fa-check-square\"><\/i> Jeu. <i class=\"fa fa-check-square\"><\/i> Ven. <i class=\"fa fa-check-square\"><\/i> Sam. <i class=\"fa fa-check-square\"><\/i> Dim.<\/p>\n<\/div>\n<table class=\"table table-bordered table-striped table-hover table-responsive\">\n<tbody>\n<tr>\n<td><strong>Validit\u00e9: <\/strong>12 mois<\/td>\n<td><strong>Prix: <b>199\u20ac pour 2 personnes<\/b><\/strong><\/td>\n<td><\/td>\n<\/tr>\n<tr>\n<td><strong>Dur\u00e9: <\/strong>1 Nuits<\/td>\n<td><strong>Taxe de s\u00e9jour: <\/strong>1.00\u20ac\/Personne par jour<\/td>\n<td><strong>R\u00e9servation: <\/strong>(+33) 03 89 73 00 09<\/td>\n<\/tr>\n<tr>\n<td><strong>H\u00f4tel: <\/strong>H\u00f4tel Munsch<\/td>\n<td><strong>\u00c9TOILE: <\/strong>\u2606\u2606\u2606<\/td>\n<td><strong>Ville: <\/strong>SAINT-HIPPOLYTE<\/td>\n<\/tr>\n<tr>\n<td><strong>Parking: <\/strong>Gratuit<\/td>\n<td><strong>Wifi: <\/strong>Gratuit<\/td>\n<td><strong>Animaux accept\u00e9s: <\/strong>Oui*<\/td>\n<\/tr>\n<\/tbody>\n<\/table>\n<div class=\"section-title-wr\"><\/div>\n<p><i class=\"fa fa-info-circle\"><\/i> Coffret non \u00e9changeable, non remboursable..<\/p>\n","protected":false},"excerpt":{"rendered":"<p style=\"font-weight: 400\"><strong>S\u00e9jour cocooning et bien-\u00eatre<br \/>\n<\/strong>\u2022 \u00a01 Nuit\u00e9e en chambre double sup\u00e9rieure avec balcon vue sur le ch\u00e2teau et le vignoble<br \/>\n\u2022 1 Petit d\u00e9jeuner buffet \u00e0 volont\u00e9 et au cr\u00e9mant d\u2019Alsace<br \/>\n\u2022 1 D\u00eener Menu 4 plats hors boissons<br \/>\n\u2022 1 Acc\u00e8s au Spa de l\u2019H\u00f4tel (piscine, sauna, hammam)<strong><br \/>\n199\u20ac pour 2 personnes<\/strong><\/p>\n","protected":false},"featured_media":15723,"template":"","meta":{"_seopress_robots_primary_cat":"none","_seopress_titles_title":"","_seopress_titles_desc":"","_seopress_robots_index":""},"etheme_brands":[],"product_brand":[],"product_cat":[161,186],"product_tag":[],"class_list":{"0":"post-15877","1":"product","2":"type-product","3":"status-publish","4":"has-post-thumbnail","6":"product_cat-geschenkbox","7":"product_cat-hotel-munsch-de-2","9":"first","10":"instock","11":"taxable","12":"shipping-taxable","13":"product-type-external"},"_links":{"self":[{"href":"https:\/\/resivac.eu\/de\/wp-json\/wp\/v2\/product\/15877","targetHints":{"allow":["GET"]}}],"collection":[{"href":"https:\/\/resivac.eu\/de\/wp-json\/wp\/v2\/product"}],"about":[{"href":"https:\/\/resivac.eu\/de\/wp-json\/wp\/v2\/types\/product"}],"wp:featuredmedia":[{"embeddable":true,"href":"https:\/\/resivac.eu\/de\/wp-json\/wp\/v2\/media\/15723"}],"wp:attachment":[{"href":"https:\/\/resivac.eu\/de\/wp-json\/wp\/v2\/media?parent=15877"}],"wp:term":[{"taxonomy":"brand","embeddable":true,"href":"https:\/\/resivac.eu\/de\/wp-json\/wp\/v2\/etheme_brands?post=15877"},{"taxonomy":"product_brand","embeddable":true,"href":"https:\/\/resivac.eu\/de\/wp-json\/wp\/v2\/product_brand?post=15877"},{"taxonomy":"product_cat","embeddable":true,"href":"https:\/\/resivac.eu\/de\/wp-json\/wp\/v2\/product_cat?post=15877"},{"taxonomy":"product_tag","embeddable":true,"href":"https:\/\/resivac.eu\/de\/wp-json\/wp\/v2\/product_tag?post=15877"}],"curies":[{"name":"wp","href":"https:\/\/api.w.org\/{rel}","templated":true}]}}