{"id":15016,"date":"2019-07-12T17:15:54","date_gmt":"2019-07-12T15:15:54","guid":{"rendered":"https:\/\/resivac.eu\/produit\/coffret-cadeau-2-nuits-en-alsace\/"},"modified":"2024-12-19T00:44:13","modified_gmt":"2024-12-18T23:44:13","slug":"coffret-cadeau-2-nuits-en-alsace","status":"publish","type":"product","link":"https:\/\/resivac.eu\/de\/produit\/coffret-cadeau-2-nuits-en-alsace\/","title":{"rendered":"Ein weiterer Tag im Elsass &#8211; 2 N\u00e4chte"},"content":{"rendered":"<p><em>Angebot nur g\u00fcltig mit vorheriger Reservierung und je nach Verf\u00fcgbarkeit. Muss in einem einzigen Aufenthalt genutzt werden und ist nicht erstattbar. Der Gutschein muss bei der Ankunft vorgelegt werden.<\/em><\/p>\n<h4 class=\"section-title left\">Ihr Geschenkkoffer umfasst:<\/h4>\n<p>\u2022 2 N\u00e4chte im einem Doppelzimmer<br \/>\n\u2022 2 Fr\u00fchst\u00fccksbuffet mit Cr\u00e9mant d\u2019Alsace<br \/>\n\u2022 1 Halbpension Abendessen(4 G\u00e4nge Menu -ohne Getr\u00e4nke)*<br \/>\n\u2022 1 Weinverkostung<br \/>\n\u2022 Unbegrenzter\u00a0Zugang\u00a0zum\u00a0Spa<\/p>\n<div class=\"section-title-wr\">\n<h4 class=\"section-title left\">Zus\u00e4tzliche Details<\/h4>\n<p>G\u00fcltigkeitstage des Geschenkgutscheins:<br \/>\nMo. Di. Mi.\u00a0Do.\u00a0Fr.\u00a0Sa.\u00a0So.<\/p>\n<\/div>\n<table class=\"table table-bordered table-striped table-hover table-responsive\">\n<tbody>\n<tr>\n<td><strong>G\u00fcltigkeit:<\/strong> 12 Monate<\/td>\n<td><strong>Preis:<\/strong> 149\u20ac\/Person<\/td>\n<td><strong>Einzelzimmer:<\/strong> +35 \u20ac\/Tag<\/td>\n<\/tr>\n<tr>\n<td><strong>Dauer:<\/strong> 3 Tage und 2 N\u00e4chte<\/td>\n<td><strong>Kurtaxe:<\/strong> 0,60 \u20ac\/Person pro Tag<\/td>\n<td><strong>Reservierung:<\/strong> (+33) 03 88 86 15 77<\/td>\n<\/tr>\n<tr>\n<td><strong>Hotel: <\/strong>Majestic Alsace<\/td>\n<td><strong>Bewertung:<\/strong> \u2606\u2606\u2606<\/td>\n<td><strong>Stadt:<\/strong> Niederbronn-les-Bains<\/td>\n<\/tr>\n<tr>\n<td><strong>Parkplatz: <\/strong>Kostenlos<\/td>\n<td><strong>WLAN:<\/strong> Kostenlos<\/td>\n<td><strong>Haustiere erlaubt:<\/strong> Ja*<\/td>\n<\/tr>\n<\/tbody>\n<\/table>\n<div class=\"section-title-wr\"><\/div>\n<p><i class=\"fa fa-info-circle\"><\/i>Dieses Angebot ist nicht umtauschbar und nicht erstattungsf\u00e4hig.<\/p>\n","protected":false},"excerpt":{"rendered":"<p>Dauer : 2 N\u00e4chte \u2013 Preis\u00a0:\u00a0149\u20ac\/\u00a0Person<br \/>\n2 N\u00e4chte mit 1 Abendessen, Fr\u00fchst\u00fcck, 1 Weinverkostung aus dem Elsass und unbegrenztem Zugang zum Spa (Schwimmbad, Sauna, Hammam)<br \/>\n\u2013 Angebot g\u00fcltig f\u00fcr 1\u00a0oder\u00a02\u00a0Personen<\/p>\n","protected":false},"featured_media":15584,"template":"","meta":{"_seopress_robots_primary_cat":"none","_seopress_titles_title":"","_seopress_titles_desc":"","_seopress_robots_index":""},"etheme_brands":[{"term_id":222,"name":"Majestic Alsace","slug":"majestic-alsace-de","term_group":0,"term_taxonomy_id":222,"taxonomy":"brand","description":"","parent":0,"count":8,"filter":"raw","order":"0"}],"product_brand":[],"product_cat":[161,171],"product_tag":[200,344,209,194,195],"class_list":{"0":"post-15016","1":"product","2":"type-product","3":"status-publish","4":"has-post-thumbnail","6":"brand-majestic-alsace-de","7":"product_cat-geschenkbox","8":"product_cat-majestic-alsace-de","9":"product_tag-alsace-de","10":"product_tag-coffret-cadeaux-de","11":"product_tag-hotel-avec-piscine-alsace-de","12":"product_tag-hotel-spa-en-alsace-de","13":"product_tag-sejour-spa-de","15":"first","16":"instock","17":"taxable","18":"shipping-taxable","19":"product-type-external"},"_links":{"self":[{"href":"https:\/\/resivac.eu\/de\/wp-json\/wp\/v2\/product\/15016","targetHints":{"allow":["GET"]}}],"collection":[{"href":"https:\/\/resivac.eu\/de\/wp-json\/wp\/v2\/product"}],"about":[{"href":"https:\/\/resivac.eu\/de\/wp-json\/wp\/v2\/types\/product"}],"wp:featuredmedia":[{"embeddable":true,"href":"https:\/\/resivac.eu\/de\/wp-json\/wp\/v2\/media\/15584"}],"wp:attachment":[{"href":"https:\/\/resivac.eu\/de\/wp-json\/wp\/v2\/media?parent=15016"}],"wp:term":[{"taxonomy":"brand","embeddable":true,"href":"https:\/\/resivac.eu\/de\/wp-json\/wp\/v2\/etheme_brands?post=15016"},{"taxonomy":"product_brand","embeddable":true,"href":"https:\/\/resivac.eu\/de\/wp-json\/wp\/v2\/product_brand?post=15016"},{"taxonomy":"product_cat","embeddable":true,"href":"https:\/\/resivac.eu\/de\/wp-json\/wp\/v2\/product_cat?post=15016"},{"taxonomy":"product_tag","embeddable":true,"href":"https:\/\/resivac.eu\/de\/wp-json\/wp\/v2\/product_tag?post=15016"}],"curies":[{"name":"wp","href":"https:\/\/api.w.org\/{rel}","templated":true}]}}