{"id":14974,"date":"2019-07-12T18:44:49","date_gmt":"2019-07-12T16:44:49","guid":{"rendered":"https:\/\/resivac.eu\/produit\/coffret-cadeau-lalsace-autrement\/"},"modified":"2026-01-02T23:54:25","modified_gmt":"2026-01-02T22:54:25","slug":"coffret-cadeau-lalsace-autrement","status":"publish","type":"product","link":"https:\/\/resivac.eu\/de\/produit\/coffret-cadeau-lalsace-autrement\/","title":{"rendered":"Elsass anders entdecken &#8211; 2 N\u00e4chte"},"content":{"rendered":"<p><em>Angebot nur g\u00fcltig mit vorheriger Reservierung und je nach Verf\u00fcgbarkeit. Muss in einem einzigen Aufenthalt genutzt werden und ist nicht erstattbar. Der Gutschein muss bei der Ankunft vorgelegt werden.<\/em><\/p>\n<h4 class=\"section-title left\">Ihr Geschenkkoffer umfasst:<\/h4>\n<p>\u2022 2 N\u00e4chte im Deluxe-Doppelzimmer<br \/>\n\u2022 2 Fr\u00fchst\u00fccke am Buffet mit unbegrenztem Els\u00e4sser Cr\u00e9mant<br \/>\n\u2022 1 Abendessen* -1. Abend (4-G\u00e4nge-Men\u00fcs ohne Getr\u00e4nke)<br \/>\n\u2022 1 Willkommensgetr\u00e4nk bei\u00a0Ihrer\u00a0Ankunft<\/p>\n<div class=\"section-title-wr\">\n<h4 class=\"section-title left\">Zus\u00e4tzliche Details<\/h4>\n<p>G\u00fcltigkeitstage des Geschenkgutscheins:<br \/>\nMo. Di. Mi.\u00a0Do.\u00a0Fr.\u00a0Sa.\u00a0So.<\/p>\n<\/div>\n<table class=\"table table-bordered table-striped table-hover table-responsive\">\n<tbody>\n<tr>\n<td><strong>G\u00fcltigkeit:<\/strong> 12 Monate<\/td>\n<td><strong>Preis:<\/strong> 159\u20ac\/Person<\/td>\n<td><strong>Einzelzimmer: <\/strong>+40\u20ac\/Tag<strong><br \/>\n<\/strong><\/td>\n<\/tr>\n<tr>\n<td><strong>Dauer:<\/strong> 3 Tage und 2 N\u00e4chte<\/td>\n<td><strong>Kurtaxe: <\/strong>1,80 \u20ac\/Person pro Tag<strong><br \/>\n<\/strong><\/td>\n<td><strong>Reservierung:<\/strong> (+33) 03 88 80 84 48<\/td>\n<\/tr>\n<tr>\n<td><strong>Hotel:<\/strong> Grand H\u00f4tel Filippo<\/td>\n<td><strong>Bewertung:<\/strong> \u2606\u2606\u2606\u2606<\/td>\n<td><strong>Stadt:<\/strong> Niederbronn-les-Bains<\/td>\n<\/tr>\n<tr>\n<td><strong>Parkplatz:<\/strong> Kostenlos<\/td>\n<td><strong>WLAN:<\/strong> Kostenlos<\/td>\n<td><strong>Haustiere erlaubt:<\/strong> Ja*<\/td>\n<\/tr>\n<\/tbody>\n<\/table>\n<div class=\"section-title-wr\"><\/div>\n<p><i class=\"fa fa-info-circle\"><\/i>Dieses Angebot ist nicht umtauschbar und nicht erstattungsf\u00e4hig.<\/p>\n","protected":false},"excerpt":{"rendered":"<p>Dauer: 2 N\u00e4chte \u2013 Preis:\u00a0159\u20ac\/Person<br \/>\n2 N\u00e4chte mit 1 Abendessen am ersten Abend, Fr\u00fchst\u00fcck und 1 Begr\u00fc\u00dfungsgetr\u00e4nk bei\u00a0Ihrer\u00a0Ankunft.<br \/>\n\u2013 Angebot g\u00fcltig f\u00fcr 1\u00a0oder\u00a02\u00a0Personen<\/p>\n","protected":false},"featured_media":15565,"template":"","meta":{"_seopress_robots_primary_cat":"none","_seopress_titles_title":"","_seopress_titles_desc":"","_seopress_robots_index":""},"etheme_brands":[{"term_id":226,"name":"Grand H\u00f4tel Filippo","slug":"grand-hotel-filippo-de","term_group":0,"term_taxonomy_id":226,"taxonomy":"brand","description":"","parent":0,"count":6,"filter":"raw","order":"0"}],"product_brand":[],"product_cat":[161,163],"product_tag":[344,193,209,210,201,214,215,216],"class_list":{"0":"post-14974","1":"product","2":"type-product","3":"status-publish","4":"has-post-thumbnail","6":"brand-grand-hotel-filippo-de","7":"product_cat-geschenkbox","8":"product_cat-grand-hotel-filippo-de","9":"product_tag-coffret-cadeaux-de","10":"product_tag-hotel-avec-piscine-de","11":"product_tag-hotel-avec-piscine-alsace-de","12":"product_tag-offre-speciale-hotel-spa-alsace-de","13":"product_tag-sejour-avec-diner-de","14":"product_tag-vosges-hotel-de","15":"product_tag-vosges-hotel-piscine-de","16":"product_tag-vosges-hotel-spa-de","18":"first","19":"instock","20":"taxable","21":"shipping-taxable","22":"product-type-external"},"_links":{"self":[{"href":"https:\/\/resivac.eu\/de\/wp-json\/wp\/v2\/product\/14974","targetHints":{"allow":["GET"]}}],"collection":[{"href":"https:\/\/resivac.eu\/de\/wp-json\/wp\/v2\/product"}],"about":[{"href":"https:\/\/resivac.eu\/de\/wp-json\/wp\/v2\/types\/product"}],"wp:featuredmedia":[{"embeddable":true,"href":"https:\/\/resivac.eu\/de\/wp-json\/wp\/v2\/media\/15565"}],"wp:attachment":[{"href":"https:\/\/resivac.eu\/de\/wp-json\/wp\/v2\/media?parent=14974"}],"wp:term":[{"taxonomy":"brand","embeddable":true,"href":"https:\/\/resivac.eu\/de\/wp-json\/wp\/v2\/etheme_brands?post=14974"},{"taxonomy":"product_brand","embeddable":true,"href":"https:\/\/resivac.eu\/de\/wp-json\/wp\/v2\/product_brand?post=14974"},{"taxonomy":"product_cat","embeddable":true,"href":"https:\/\/resivac.eu\/de\/wp-json\/wp\/v2\/product_cat?post=14974"},{"taxonomy":"product_tag","embeddable":true,"href":"https:\/\/resivac.eu\/de\/wp-json\/wp\/v2\/product_tag?post=14974"}],"curies":[{"name":"wp","href":"https:\/\/api.w.org\/{rel}","templated":true}]}}