{"id":14962,"date":"2019-07-12T21:52:52","date_gmt":"2019-07-12T19:52:52","guid":{"rendered":"https:\/\/resivac.eu\/produit\/coffret-cadeau-3-nuits-de-reve-avec-spa\/"},"modified":"2026-01-02T23:54:41","modified_gmt":"2026-01-02T22:54:41","slug":"coffret-cadeau-3-nuits-de-reve-avec-spa","status":"publish","type":"product","link":"https:\/\/resivac.eu\/de\/produit\/coffret-cadeau-3-nuits-de-reve-avec-spa\/","title":{"rendered":"ALSATISCHE AUSZEIT \/ 3 N\u00e4chte"},"content":{"rendered":"<p><em>Angebot nur g\u00fcltig mit vorheriger Reservierung und je nach Verf\u00fcgbarkeit. Muss in einem einzigen Aufenthalt genutzt werden und ist nicht erstattbar. Der Gutschein muss bei der Ankunft vorgelegt werden.<\/em><\/p>\n<h4 class=\"section-title left\">Ihr Geschenkkoffer umfasst:<\/h4>\n<p>\u2022 3 N\u00e4chte in einem Doppelzimmer<br \/>\n\u2022 3 Fr\u00fchst\u00fccksbuffet mit Cr\u00e9mant d\u2019Alsace<br \/>\n\u2022 3 Halbpension Abendessen(4 G\u00e4nge Menu \u2013 ohne Getr\u00e4nke)<br \/>\n\u2022 1 Flasche Cr\u00e9mant d\u2019Alsace pro\u00a0Zimmer<br \/>\n\u2022 1 Weinverkostung<br \/>\n\u2022 Unbegrenzter Zutritt zum Wellnessbereich (Schwimmbad, Sauna,Dampfbad,\u00a0Salzgrotte..)<\/p>\n<div class=\"section-title-wr\">\n<h4 class=\"section-title left\">Zus\u00e4tzliche Details<\/h4>\n<p>G\u00fcltigkeitstage des Geschenkgutscheins:<br \/>\nMo. Di. Mi.\u00a0Do.\u00a0Fr.\u00a0Sa.\u00a0So.<\/p>\n<\/div>\n<table class=\"table table-bordered table-striped table-hover table-responsive\">\n<tbody>\n<tr>\n<td><strong>G\u00fcltigkeit:<\/strong> 12 Monate<\/td>\n<td><strong>Preis:<\/strong> 296 \u20ac\/Person<\/td>\n<td><strong>Einzelzimmer:<\/strong> +40\u20ac\/Tag<\/td>\n<\/tr>\n<tr>\n<td><strong>Dauer:<\/strong> 4 Tage und 3 N\u00e4chte<\/td>\n<td><strong>Kurtaxe:<\/strong> 1,25 \u20ac\/Person pro Tag<\/td>\n<td><strong>Reservierung:<\/strong> (+33) 03 88 09 01 42<\/td>\n<\/tr>\n<tr>\n<td><strong>Hotel:<\/strong> H\u00f4tel du Parc<\/td>\n<td><strong>Sterne:<\/strong> \u2606\u2606\u2606<\/td>\n<td><strong>Stadt:<\/strong> Niederbronn Les Bains<\/td>\n<\/tr>\n<tr>\n<td><strong>Parken:<\/strong> Kostenlos<\/td>\n<td><strong>WLAN:<\/strong> Kostenlos<\/td>\n<td><strong>Haustiere erlaubt:<\/strong> Ja*<\/td>\n<\/tr>\n<\/tbody>\n<\/table>\n<div class=\"section-title-wr\"><\/div>\n<p><i class=\"fa fa-info-circle\"><\/i>Geschenkkoffer: Nicht umtauschbar, nicht erstattbar.<\/p>\n","protected":false},"excerpt":{"rendered":"<p>Dauer: 3 Nachte \u2013 Preis: 296\u20ac\/Person<br \/>\n3 N\u00e4chte mit Abendessen, Fr\u00fchst\u00fcck, 1 Flasche Cr\u00e9mant d\u2019Alsace pro\u00a0Zimmer, 1 Weinverkostung aus dem Elsass und 1 Zugang zum Hotel-Spa (Pool, Sauna, Dampfbad, Salzgrotte, usw.)<br \/>\n-Angebot g\u00fcltig f\u00fcr 1 oder\u00a02\u00a0Personen.<\/p>\n","protected":false},"featured_media":15599,"template":"","meta":{"_seopress_robots_primary_cat":"none","_seopress_titles_title":"","_seopress_titles_desc":"","_seopress_robots_index":""},"etheme_brands":[{"term_id":220,"name":"H\u00f4tel du Parc","slug":"hotel-du-parc-de","term_group":0,"term_taxonomy_id":220,"taxonomy":"brand","description":"","parent":0,"count":8,"filter":"raw","order":"0"}],"product_brand":[],"product_cat":[161,165],"product_tag":[343,344,192,193,194,345,195,196],"class_list":{"0":"post-14962","1":"product","2":"type-product","3":"status-publish","4":"has-post-thumbnail","6":"brand-hotel-du-parc-de","7":"product_cat-geschenkbox","8":"product_cat-hotel-du-parc-de","9":"product_tag-bien-etre-de","10":"product_tag-coffret-cadeaux-de","11":"product_tag-forfaits-sejours-de","12":"product_tag-hotel-avec-piscine-de","13":"product_tag-hotel-spa-en-alsace-de","14":"product_tag-sejour-gourmand-de","15":"product_tag-sejour-spa-de","16":"product_tag-wellness-de","18":"first","19":"instock","20":"taxable","21":"shipping-taxable","22":"product-type-external"},"_links":{"self":[{"href":"https:\/\/resivac.eu\/de\/wp-json\/wp\/v2\/product\/14962","targetHints":{"allow":["GET"]}}],"collection":[{"href":"https:\/\/resivac.eu\/de\/wp-json\/wp\/v2\/product"}],"about":[{"href":"https:\/\/resivac.eu\/de\/wp-json\/wp\/v2\/types\/product"}],"wp:featuredmedia":[{"embeddable":true,"href":"https:\/\/resivac.eu\/de\/wp-json\/wp\/v2\/media\/15599"}],"wp:attachment":[{"href":"https:\/\/resivac.eu\/de\/wp-json\/wp\/v2\/media?parent=14962"}],"wp:term":[{"taxonomy":"brand","embeddable":true,"href":"https:\/\/resivac.eu\/de\/wp-json\/wp\/v2\/etheme_brands?post=14962"},{"taxonomy":"product_brand","embeddable":true,"href":"https:\/\/resivac.eu\/de\/wp-json\/wp\/v2\/product_brand?post=14962"},{"taxonomy":"product_cat","embeddable":true,"href":"https:\/\/resivac.eu\/de\/wp-json\/wp\/v2\/product_cat?post=14962"},{"taxonomy":"product_tag","embeddable":true,"href":"https:\/\/resivac.eu\/de\/wp-json\/wp\/v2\/product_tag?post=14962"}],"curies":[{"name":"wp","href":"https:\/\/api.w.org\/{rel}","templated":true}]}}