{"id":14916,"date":"2024-07-13T20:06:14","date_gmt":"2024-07-13T18:06:14","guid":{"rendered":"https:\/\/resivac.eu\/produit\/vignette-2-nuits\/"},"modified":"2026-01-02T22:38:13","modified_gmt":"2026-01-02T21:38:13","slug":"vignette-2-nuits","status":"publish","type":"product","link":"https:\/\/resivac.eu\/de\/produit\/vignette-2-nuits\/","title":{"rendered":"Elsass anders entdecken \/ 2 N\u00e4chte"},"content":{"rendered":"<p><img decoding=\"async\" class=\"wp-image-15493 size-medium aligncenter\" src=\"https:\/\/resivac.eu\/wp-content\/uploads\/2024\/07\/Logo-Vignette-Alsace-2-300x154.png\" alt=\"escapade alsacienne \/ 3 nuits\" width=\"300\" height=\"154\" srcset=\"https:\/\/resivac.eu\/wp-content\/uploads\/2024\/07\/Logo-Vignette-Alsace-2-300x154.png 300w, https:\/\/resivac.eu\/wp-content\/uploads\/2024\/07\/Logo-Vignette-Alsace-2-1024x525.png 1024w, https:\/\/resivac.eu\/wp-content\/uploads\/2024\/07\/Logo-Vignette-Alsace-2-768x394.png 768w, https:\/\/resivac.eu\/wp-content\/uploads\/2024\/07\/Logo-Vignette-Alsace-2-1536x787.png 1536w, https:\/\/resivac.eu\/wp-content\/uploads\/2024\/07\/Logo-Vignette-Alsace-2-800x410.png 800w, https:\/\/resivac.eu\/wp-content\/uploads\/2024\/07\/Logo-Vignette-Alsace-2-16x8.png 16w, https:\/\/resivac.eu\/wp-content\/uploads\/2024\/07\/Logo-Vignette-Alsace-2-10x5.png 10w, https:\/\/resivac.eu\/wp-content\/uploads\/2024\/07\/Logo-Vignette-Alsace-2.png 1600w\" sizes=\"(max-width: 300px) 100vw, 300px\" \/><\/p>\n<p>H\u00f4tel Vignette Alsace \u2605\u2605\u2605, im Herzen der els\u00e4ssischen Weinberge, in der N\u00e4he von Ribeauvill\u00e9 und Riquewihr, begr\u00fc\u00dft Sie in unserem charmanten Fachwerkhaus im Zentrum des malerischen Dorfes Saint-Hippolyte.<br \/>\nDank seiner idealen Lage ist unser Hotel der perfekte Ausgangspunkt, um das Elsass zu erkunden, die Weinkeller entlang der Weinstra\u00dfe zu besuchen, Wanderungen zu unternehmen oder Attraktionen wie die Volerie des Aigles, den Parc des Cigognes und den Europa-Park zu genie\u00dfen.<br \/>\nUnser Haus bietet Ihnen eine komfortable und einladende Atmosph\u00e4re, die Tradition und Moderne vereint, f\u00fcr einen besonders angenehmen Aufenthalt.<\/p>\n<p><i class=\"fa fa-map-marker\"><\/i><strong>66 Route du Vin, 68590 Saint-Hippolyte, Frankreich<\/strong><br \/>\n<strong>(+33) 03 89 73 00 09<\/strong><br \/>\n<strong>vignettealsace2@orange.fr<\/strong><br \/>\n<strong>vignettealsace.com<\/strong><\/p>\n","protected":false},"excerpt":{"rendered":"<p>\u2022 2 N\u00e4chte in einem Doppelzimmer<br \/>\n\u2022 2 Fr\u00fchst\u00fccksbuffets mit Cr\u00e9mant d\u00b4Alsace<br \/>\n\u2022 2 Halbpension Abendessen*(4-G\u00e4nge-Men\u00fc ohne Getr\u00e4nke)<br \/>\n\u2022 1 Weinverkostung<br \/>\n\u2022 1 Willkommensgetr\u00e4nk<\/p>\n","protected":false},"featured_media":14891,"template":"","meta":{"_seopress_robots_primary_cat":"none","_seopress_titles_title":"D\u00e9couverte Alsacienne \/ 2 nuits \/ H\u00f4tel vignette alsace","_seopress_titles_desc":"","_seopress_robots_index":""},"etheme_brands":[],"product_brand":[],"product_cat":[159,337],"product_tag":[],"class_list":{"0":"post-14916","1":"product","2":"type-product","3":"status-publish","4":"has-post-thumbnail","6":"product_cat-sonderangebote","7":"product_cat-vignette-alsace-2-de","9":"first","10":"instock","11":"taxable","12":"shipping-taxable","13":"product-type-external"},"_links":{"self":[{"href":"https:\/\/resivac.eu\/de\/wp-json\/wp\/v2\/product\/14916","targetHints":{"allow":["GET"]}}],"collection":[{"href":"https:\/\/resivac.eu\/de\/wp-json\/wp\/v2\/product"}],"about":[{"href":"https:\/\/resivac.eu\/de\/wp-json\/wp\/v2\/types\/product"}],"wp:featuredmedia":[{"embeddable":true,"href":"https:\/\/resivac.eu\/de\/wp-json\/wp\/v2\/media\/14891"}],"wp:attachment":[{"href":"https:\/\/resivac.eu\/de\/wp-json\/wp\/v2\/media?parent=14916"}],"wp:term":[{"taxonomy":"brand","embeddable":true,"href":"https:\/\/resivac.eu\/de\/wp-json\/wp\/v2\/etheme_brands?post=14916"},{"taxonomy":"product_brand","embeddable":true,"href":"https:\/\/resivac.eu\/de\/wp-json\/wp\/v2\/product_brand?post=14916"},{"taxonomy":"product_cat","embeddable":true,"href":"https:\/\/resivac.eu\/de\/wp-json\/wp\/v2\/product_cat?post=14916"},{"taxonomy":"product_tag","embeddable":true,"href":"https:\/\/resivac.eu\/de\/wp-json\/wp\/v2\/product_tag?post=14916"}],"curies":[{"name":"wp","href":"https:\/\/api.w.org\/{rel}","templated":true}]}}