{"id":12135,"date":"2019-07-11T20:25:09","date_gmt":"2019-07-11T18:25:09","guid":{"rendered":"https:\/\/resivac.eu\/produit\/5-nuits-sejour-4-etoiles\/"},"modified":"2026-01-02T22:39:08","modified_gmt":"2026-01-02T21:39:08","slug":"5-nuits-sejour-4-etoiles","status":"publish","type":"product","link":"https:\/\/resivac.eu\/de\/produit\/5-nuits-sejour-4-etoiles\/","title":{"rendered":"Authentisches Elsass \/ 5 N\u00e4chte"},"content":{"rendered":"<p><img decoding=\"async\" class=\"logo-default aligncenter\" src=\"https:\/\/grand-hotel-filippo.net\/wp-content\/uploads\/2019\/07\/ghd.png\" alt=\"GRAND H\u00d4TEL FILIPPO\" width=\"263\" height=\"157\" \/><\/p>\n<p>Das Grand H\u00f4tel FILIPPO, ein 4-Sterne-Hotel in Niederbronn-les-Bains, n\u00f6rdlich von Stra\u00dfburg im Elsass, ist der perfekte Ort f\u00fcr einen kurzen Aufenthalt im Herzen des Naturparks der Vogesen. Ob gesch\u00e4ftlich oder privat, hier verbinden sich Natur, Entspannung und Gastronomie.<br \/>\nIn einem Kurort gelegen und nur 150 Meter vom Casino Lucien Barri\u00e8re entfernt, bietet dieses Hotel moderne Zimmer im Art-d\u00e9co-Stil. Ideal f\u00fcr Empf\u00e4nge und Cocktails, bietet es einen eleganten Rahmen, der Natur und Freizeit perfekt miteinander verbindet.<br \/>\nAdresse:<br \/>\n14\u201316 Avenue Foch<br \/>\n67110 Niederbronn-les-Bains, Elsass, Frankreich<br \/>\n<strong>Telefon: (+33) 03 88 80 84 48<\/strong><br \/>\n<strong>Website: www.grand-hotel-filippo.net<\/strong><\/p>\n","protected":false},"excerpt":{"rendered":"<p>\u2022 5 N\u00e4chte in einem Deluxe Doppelzimmer<br \/>\n\u2022 5 Fr\u00fchst\u00fccksbuffet mit Cr\u00e9mant d\u2019Alsace<br \/>\n\u2022 2 Abendessen \u2013 1. und 2. Abend (4-G\u00e4nge-Men\u00fcs ohne\u00a0Getr\u00e4nke)<br \/>\n\u2022 1 Weinverkostung<\/p>\n<p><span style=\"color: #991e4b\">Preis: ab 299\u20ac\/person<\/span><\/p>\n","protected":false},"featured_media":15400,"template":"","meta":{"_seopress_robots_primary_cat":"none","_seopress_titles_title":"","_seopress_titles_desc":"","_seopress_robots_index":""},"etheme_brands":[{"term_id":226,"name":"Grand H\u00f4tel Filippo","slug":"grand-hotel-filippo-de","term_group":0,"term_taxonomy_id":226,"taxonomy":"brand","description":"","parent":0,"count":6,"filter":"raw","order":"0"}],"product_brand":[],"product_cat":[173,159],"product_tag":[193,209,210,201,214,215,216],"class_list":{"0":"post-12135","1":"product","2":"type-product","3":"status-publish","4":"has-post-thumbnail","6":"brand-grand-hotel-filippo-de","7":"product_cat-grand-hotel-filippo-de-2","8":"product_cat-sonderangebote","9":"product_tag-hotel-avec-piscine-de","10":"product_tag-hotel-avec-piscine-alsace-de","11":"product_tag-offre-speciale-hotel-spa-alsace-de","12":"product_tag-sejour-avec-diner-de","13":"product_tag-vosges-hotel-de","14":"product_tag-vosges-hotel-piscine-de","15":"product_tag-vosges-hotel-spa-de","17":"first","18":"instock","19":"taxable","20":"shipping-taxable","21":"product-type-external"},"_links":{"self":[{"href":"https:\/\/resivac.eu\/de\/wp-json\/wp\/v2\/product\/12135","targetHints":{"allow":["GET"]}}],"collection":[{"href":"https:\/\/resivac.eu\/de\/wp-json\/wp\/v2\/product"}],"about":[{"href":"https:\/\/resivac.eu\/de\/wp-json\/wp\/v2\/types\/product"}],"wp:featuredmedia":[{"embeddable":true,"href":"https:\/\/resivac.eu\/de\/wp-json\/wp\/v2\/media\/15400"}],"wp:attachment":[{"href":"https:\/\/resivac.eu\/de\/wp-json\/wp\/v2\/media?parent=12135"}],"wp:term":[{"taxonomy":"brand","embeddable":true,"href":"https:\/\/resivac.eu\/de\/wp-json\/wp\/v2\/etheme_brands?post=12135"},{"taxonomy":"product_brand","embeddable":true,"href":"https:\/\/resivac.eu\/de\/wp-json\/wp\/v2\/product_brand?post=12135"},{"taxonomy":"product_cat","embeddable":true,"href":"https:\/\/resivac.eu\/de\/wp-json\/wp\/v2\/product_cat?post=12135"},{"taxonomy":"product_tag","embeddable":true,"href":"https:\/\/resivac.eu\/de\/wp-json\/wp\/v2\/product_tag?post=12135"}],"curies":[{"name":"wp","href":"https:\/\/api.w.org\/{rel}","templated":true}]}}