{"id":12046,"date":"2019-07-11T19:07:56","date_gmt":"2019-07-11T17:07:56","guid":{"rendered":"https:\/\/resivac.eu\/produit\/3-nuits-au-trois-epis\/"},"modified":"2026-01-02T22:39:45","modified_gmt":"2026-01-02T21:39:45","slug":"3-nuits-au-trois-epis","status":"publish","type":"product","link":"https:\/\/resivac.eu\/de\/produit\/3-nuits-au-trois-epis\/","title":{"rendered":"Els\u00e4ssischer Aufenthalt &#8211; 3 N\u00e4chte"},"content":{"rendered":"<p><img decoding=\"async\" class=\"logo-default\" src=\"https:\/\/resivac.eu\/wp-content\/uploads\/2019\/07\/alexain-hotel-1.png\" alt=\"L'Alexain\" width=\"263\" height=\"157\" \/><br \/>\n<strong>HOTEL RESTAURANT WELLNESS<\/strong><br \/>\nDas Three Stars Hotel &amp; Wellness Hotel befindet sich an der Kreuzung von M\u00fcnster, Colmar und Kaysersberg. Es ist der ideale Ort, um mit Familie oder Freunden spazieren zu gehen und neue Energie zu tanken.<\/p>\n<p><strong>\u2606\u2606\u2606 Zimmer &amp; Suiten \u2606\u2606\u2606<\/strong><br \/>\nInmitten von Gr\u00fcn und Ruhe bieten Ihnen unsere 42 Zimmer den n\u00f6tigen Komfort. Helle und warme R\u00e4ume mit Blick auf die Berge, die zum Wohlf\u00fchlen und zur Gelassenheit einladen.<br \/>\nIn dieser s\u00fc\u00dfen Atmosph\u00e4re werden Sie schnell feststellen, dass Ihr Aufenthalt nicht ausreichen wird, und Sie werden schnell Stammgast in unserem Hotel Alexain.<\/p>\n<p><i class=\"fa fa-map-marker\"><\/i> 3 Rue Thierry Schoer\u00e9<br \/>\n68410 Trois \u00c9pis, Frankreich<\/p>\n<p><i class=\"fa fa-phone\"><\/i> (+33) 03 89 49 81 61<\/p>\n<p><i class=\"fa fa-globe\" aria-hidden=\"true\"><\/i> <a href=\"https:\/\/alexain.net\/\" target=\"_blank\" rel=\"noopener noreferrer\">www.alexain.net<\/a><\/p>\n","protected":false},"excerpt":{"rendered":"<p>\u2022 3 N\u00e4chte in einem Doppelzimmer mit Balkon und Talblick<br \/>\n\u2022 3 Fr\u00fchst\u00fccksbuffet mit Cr\u00e9mant d\u2019Alsace<br \/>\n\u2022 3 Halbpension Abendessen(4 G\u00e4nge Menu \u2013 ohne Getr\u00e4nke)<br \/>\n\u2022 1 Flasche Cr\u00e9mant d\u2019Alsace pro\u00a0Zimmer<br \/>\n\u2022 1 Weinverkostung<br \/>\n\u2022 Unbegrenzter Zutritt zum Wellnessbereich (Schwimmbad, Sauna, Dampfbad, Salzgrotte..)<\/p>\n<p><span style=\"color: #991e4b\"><strong>Els\u00e4ssischer Aufenthalt<\/strong><\/span><br \/>\nPreise ab: <big>259<\/big><small>\u20ac \/ Person<\/small> <big>\/ 3 N\u00e4chte<\/big><\/p>\n","protected":false},"featured_media":13818,"template":"","meta":{"_seopress_robots_primary_cat":"none","_seopress_titles_title":"","_seopress_titles_desc":"","_seopress_robots_index":""},"etheme_brands":[{"term_id":224,"name":"L&#8217;Alexain","slug":"lalexain-de","term_group":0,"term_taxonomy_id":224,"taxonomy":"brand","description":"","parent":0,"count":3,"filter":"raw","order":"0"}],"product_brand":[],"product_cat":[177,159],"product_tag":[193,209,194,210,201],"class_list":{"0":"post-12046","1":"product","2":"type-product","3":"status-publish","4":"has-post-thumbnail","6":"brand-lalexain-de","7":"product_cat-lalexain-de-2","8":"product_cat-sonderangebote","9":"product_tag-hotel-avec-piscine-de","10":"product_tag-hotel-avec-piscine-alsace-de","11":"product_tag-hotel-spa-en-alsace-de","12":"product_tag-offre-speciale-hotel-spa-alsace-de","13":"product_tag-sejour-avec-diner-de","15":"first","16":"instock","17":"taxable","18":"shipping-taxable","19":"product-type-external"},"_links":{"self":[{"href":"https:\/\/resivac.eu\/de\/wp-json\/wp\/v2\/product\/12046","targetHints":{"allow":["GET"]}}],"collection":[{"href":"https:\/\/resivac.eu\/de\/wp-json\/wp\/v2\/product"}],"about":[{"href":"https:\/\/resivac.eu\/de\/wp-json\/wp\/v2\/types\/product"}],"wp:featuredmedia":[{"embeddable":true,"href":"https:\/\/resivac.eu\/de\/wp-json\/wp\/v2\/media\/13818"}],"wp:attachment":[{"href":"https:\/\/resivac.eu\/de\/wp-json\/wp\/v2\/media?parent=12046"}],"wp:term":[{"taxonomy":"brand","embeddable":true,"href":"https:\/\/resivac.eu\/de\/wp-json\/wp\/v2\/etheme_brands?post=12046"},{"taxonomy":"product_brand","embeddable":true,"href":"https:\/\/resivac.eu\/de\/wp-json\/wp\/v2\/product_brand?post=12046"},{"taxonomy":"product_cat","embeddable":true,"href":"https:\/\/resivac.eu\/de\/wp-json\/wp\/v2\/product_cat?post=12046"},{"taxonomy":"product_tag","embeddable":true,"href":"https:\/\/resivac.eu\/de\/wp-json\/wp\/v2\/product_tag?post=12046"}],"curies":[{"name":"wp","href":"https:\/\/api.w.org\/{rel}","templated":true}]}}