{"id":11001,"date":"2019-07-11T14:22:55","date_gmt":"2019-07-11T12:22:55","guid":{"rendered":"https:\/\/resivac.eu\/produit\/decouverte-alsacienne\/"},"modified":"2026-01-02T22:40:51","modified_gmt":"2026-01-02T21:40:51","slug":"elsassische-entdeckung","status":"publish","type":"product","link":"https:\/\/resivac.eu\/de\/produit\/elsassische-entdeckung\/","title":{"rendered":"Elsassische Entdeckung \/ 2 N\u00e4chte"},"content":{"rendered":"<p><img decoding=\"async\" class=\"logo-default aligncenter\" src=\"https:\/\/resivac.eu\/wp-content\/uploads\/2019\/07\/prc22login.png\" alt=\"H\u00f4tel du Parc Wellness &amp; Beauty, Spa\" width=\"263\" height=\"157\" \/><br \/>\n<strong>\u00dcbernachten und Wohlf\u00fchlen im Elsass<\/strong><br \/>\nDas H\u00f4tel du Parc Wellness &amp; Spa ist ein charmantes Drei-Sterne-Hotel im Herzen der Thermenstadt Niederbronn-les-Bains in Elsass (Grand Est). Es liegt nur wenige Schritte von den Thermen und dem Casino entfernt, in der N\u00e4he eines angenehmen Waldparks.<br \/>\nAdresse: 33, rue de la R\u00e9publique, 67110 Niederbronn Les Bains, Frankreich<br \/>\nTelefon: <strong>(+33) 03 88 09 01 42 | (+33) 03 88 09 05 80<\/strong><br \/>\nWebsite: <strong>www.parchotel.net<\/strong><\/p>\n","protected":false},"excerpt":{"rendered":"<p>\u2022 2 N\u00e4chte in einem Doppelzimmer<br \/>\n\u2022 2 Fr\u00fchst\u00fccksbuffet mit Cr\u00e9mant d\u2019Alsace<br \/>\n\u2022 2 Halbpension Abendessen (4 G\u00e4nge Menu &#8211; ohne Getr\u00e4nke)<br \/>\n\u2022 1 Weinverkostung<br \/>\n\u2022 1 Willkommensgetr\u00e4nk<br \/>\n\u2022 Unbegrenzter Zutritt zum Wellnessbereich (Schwimmbad, Sauna, Dampfbad, Salzgrotte..)<\/p>\n<p><span style=\"color: #991e4b\">Preis: ab 179 \u20ac \/ Person<\/span><\/p>\n","protected":false},"featured_media":13800,"template":"","meta":{"_seopress_robots_primary_cat":"none","_seopress_titles_title":"","_seopress_titles_desc":"","_seopress_robots_index":""},"etheme_brands":[{"term_id":220,"name":"H\u00f4tel du Parc","slug":"hotel-du-parc-de","term_group":0,"term_taxonomy_id":220,"taxonomy":"brand","description":"","parent":0,"count":8,"filter":"raw","order":"0"}],"product_brand":[],"product_cat":[175,159],"product_tag":[192,193,194,195,196],"class_list":{"0":"post-11001","1":"product","2":"type-product","3":"status-publish","4":"has-post-thumbnail","6":"brand-hotel-du-parc-de","7":"product_cat-hotel-du-parc-de-2","8":"product_cat-sonderangebote","9":"product_tag-forfaits-sejours-de","10":"product_tag-hotel-avec-piscine-de","11":"product_tag-hotel-spa-en-alsace-de","12":"product_tag-sejour-spa-de","13":"product_tag-wellness-de","15":"first","16":"instock","17":"taxable","18":"shipping-taxable","19":"product-type-external"},"_links":{"self":[{"href":"https:\/\/resivac.eu\/de\/wp-json\/wp\/v2\/product\/11001","targetHints":{"allow":["GET"]}}],"collection":[{"href":"https:\/\/resivac.eu\/de\/wp-json\/wp\/v2\/product"}],"about":[{"href":"https:\/\/resivac.eu\/de\/wp-json\/wp\/v2\/types\/product"}],"wp:featuredmedia":[{"embeddable":true,"href":"https:\/\/resivac.eu\/de\/wp-json\/wp\/v2\/media\/13800"}],"wp:attachment":[{"href":"https:\/\/resivac.eu\/de\/wp-json\/wp\/v2\/media?parent=11001"}],"wp:term":[{"taxonomy":"brand","embeddable":true,"href":"https:\/\/resivac.eu\/de\/wp-json\/wp\/v2\/etheme_brands?post=11001"},{"taxonomy":"product_brand","embeddable":true,"href":"https:\/\/resivac.eu\/de\/wp-json\/wp\/v2\/product_brand?post=11001"},{"taxonomy":"product_cat","embeddable":true,"href":"https:\/\/resivac.eu\/de\/wp-json\/wp\/v2\/product_cat?post=11001"},{"taxonomy":"product_tag","embeddable":true,"href":"https:\/\/resivac.eu\/de\/wp-json\/wp\/v2\/product_tag?post=11001"}],"curies":[{"name":"wp","href":"https:\/\/api.w.org\/{rel}","templated":true}]}}