{"id":10908,"date":"2019-11-14T15:42:07","date_gmt":"2019-11-14T14:42:07","guid":{"rendered":"https:\/\/resivac.eu\/produit\/escapade-alsacienne-3-nuits\/"},"modified":"2026-01-02T22:38:34","modified_gmt":"2026-01-02T21:38:34","slug":"escapade-alsacienne-3-nuits","status":"publish","type":"product","link":"https:\/\/resivac.eu\/de\/produit\/escapade-alsacienne-3-nuits\/","title":{"rendered":"ELS\u00c4SSISCHE ESCAPADE \/\u00a03\u00a0N\u00e4chte"},"content":{"rendered":"<p><img decoding=\"async\" class=\"wp-image-10269 aligncenter\" src=\"https:\/\/resivac.eu\/wp-content\/uploads\/2019\/11\/hotelmunschlogo2-300x170.png\" alt=\"\" width=\"189\" height=\"107\" srcset=\"https:\/\/resivac.eu\/wp-content\/uploads\/2019\/11\/hotelmunschlogo2-300x170.png 300w, https:\/\/resivac.eu\/wp-content\/uploads\/2019\/11\/hotelmunschlogo2.png 484w\" sizes=\"(max-width: 189px) 100vw, 189px\" \/><br \/>\nHotel Munsch \u2605\u2605\u2605 in Saint-Hippolyte, an der Els\u00e4sser Weinstra\u00dfe im Haut-Rhin<br \/>\nIdeale Lage im Herzen des Els\u00e4sser Weinbaus, am Fu\u00dfe des majest\u00e4tischen Schlosses Haut-Koenigsbourg, hei\u00dft das Hotel Munsch Sie in einem authentischen und gem\u00fctlichen Ambiente willkommen.<br \/>\nEs ist der perfekte Ausgangspunkt f\u00fcr Wanderungen oder um die nat\u00fcrlichen und kulturellen Sch\u00e4tze der Region zu entdecken.<br \/>\nRestaurant Aux Ducs de Lorraine in Saint-Hippolyte<br \/>\nAuthentische lokale K\u00fcche.<br \/>\nGenie\u00dfen Sie ein traditionelles els\u00e4ssisches Mahl mit typischen Gerichten, die sich je nach Saison \u00e4ndern.<\/p>\n<p><i class=\"fa fa-map-marker\"><\/i>16, Route du Vin<br \/>\n68590 Saint-Hippolyte \u2013 Elsass, Grand-Est<\/p>\n<p><i class=\"fa fa-phone\"><\/i> (+33) 03 89 73 00 09<\/p>\n<p><i class=\"fa fa-globe\" aria-hidden=\"true\"><\/i> <a href=\"https:\/\/hotelmunsch.com\/\" target=\"_blank\" rel=\"noopener noreferrer\">www.hotelmunsch.com<\/a><\/p>\n","protected":false},"excerpt":{"rendered":"<p>\u2022 3 N\u00e4chte im Superior Doppelzimmer mit Balkonblick aufs Schloss und den Weinberg<br \/>\n\u2022 3 Fr\u00fchst\u00fccksbuffet mit Cr\u00e9mant d\u2019Alsace<br \/>\n\u2022 3 Abendessen mit dem Halbpension Men\u00fc(4-G\u00e4nge-Men\u00fcs ohne Getr\u00e4nke)<br \/>\n\u2022 1 Verkostung von Els\u00e4ssischen Weinen<br \/>\n\u2022 1 Flasche Cr\u00e9mant d\u2019Alsace pro\u00a0Zimmer<br \/>\n\u2022 Unbegrenzter Zugang zum Spa (Schwimmbad, Sauna, Hammam)<\/p>\n<p><span style=\"color: #991e4b\"><strong>Els\u00e4ssischer Aufenthalt<\/strong><\/span><br \/>\nPreise ab: <big>259<\/big><small>\u20ac \/ Person<\/small> <big>\/ 3 N\u00e4chte<\/big><\/p>\n","protected":false},"featured_media":13827,"template":"","meta":{"_seopress_robots_primary_cat":"none","_seopress_titles_title":"","_seopress_titles_desc":"","_seopress_robots_index":""},"etheme_brands":[{"term_id":228,"name":"H\u00f4tel Munsch","slug":"hotel-munsch-de","term_group":0,"term_taxonomy_id":228,"taxonomy":"brand","description":"","parent":0,"count":3,"filter":"raw","order":"0"}],"product_brand":[],"product_cat":[158,159],"product_tag":[],"class_list":{"0":"post-10908","1":"product","2":"type-product","3":"status-publish","4":"has-post-thumbnail","6":"brand-hotel-munsch-de","7":"product_cat-hotel-munsch-de","8":"product_cat-sonderangebote","10":"first","11":"instock","12":"taxable","13":"shipping-taxable","14":"product-type-external"},"_links":{"self":[{"href":"https:\/\/resivac.eu\/de\/wp-json\/wp\/v2\/product\/10908","targetHints":{"allow":["GET"]}}],"collection":[{"href":"https:\/\/resivac.eu\/de\/wp-json\/wp\/v2\/product"}],"about":[{"href":"https:\/\/resivac.eu\/de\/wp-json\/wp\/v2\/types\/product"}],"wp:featuredmedia":[{"embeddable":true,"href":"https:\/\/resivac.eu\/de\/wp-json\/wp\/v2\/media\/13827"}],"wp:attachment":[{"href":"https:\/\/resivac.eu\/de\/wp-json\/wp\/v2\/media?parent=10908"}],"wp:term":[{"taxonomy":"brand","embeddable":true,"href":"https:\/\/resivac.eu\/de\/wp-json\/wp\/v2\/etheme_brands?post=10908"},{"taxonomy":"product_brand","embeddable":true,"href":"https:\/\/resivac.eu\/de\/wp-json\/wp\/v2\/product_brand?post=10908"},{"taxonomy":"product_cat","embeddable":true,"href":"https:\/\/resivac.eu\/de\/wp-json\/wp\/v2\/product_cat?post=10908"},{"taxonomy":"product_tag","embeddable":true,"href":"https:\/\/resivac.eu\/de\/wp-json\/wp\/v2\/product_tag?post=10908"}],"curies":[{"name":"wp","href":"https:\/\/api.w.org\/{rel}","templated":true}]}}