{"id":13530,"date":"2020-08-19T23:22:41","date_gmt":"2020-08-19T21:22:41","guid":{"rendered":"https:\/\/resivac.eu\/covid-19\/"},"modified":"2021-06-04T22:59:38","modified_gmt":"2021-06-04T20:59:38","slug":"covid-19","status":"publish","type":"page","link":"https:\/\/resivac.eu\/de\/covid-19\/","title":{"rendered":"COVID-19 info"},"content":{"rendered":"<div class=\"wpb-content-wrapper\"><p>[vc_row][vc_column][vc_column_text]<\/p>\n<h2 style=\"text-align: center;\"><img decoding=\"async\" class=\"wp-image-13668 aligncenter\" src=\"https:\/\/bach-strasbourg.com\/wp-content\/uploads\/2021\/06\/logos-resivac-alsace-1.png\" alt=\"\" width=\"129\" height=\"133\" \/>\u00ab Covid-19 Gesundheitsma\u00dfnahmen \u00bb<\/h2>\n<p>Aufgrund von COVID-19 undum den von der RegierunggefordertenGesundheitsanweisungenzuentsprechen, musstenwirunsereArbeitsorganisationanpassen, umIhreSicherheitund die unsererMitarbeiterbestm\u00f6glichzugew\u00e4hrleisten.<br \/>\n<strong>DasHotel :<\/strong><br \/>\nDie Rezeptionhei\u00dftSieunterstrikterEinhaltung der Gesundheitsanweisungenwillkommen: Bewegungsrichtungen, die durchPfeileaufdem Boden materialisiertsind, wurdeneingerichtet, und an mehrerenStellenunsererEinrichtungenisthydroalkoholisches Gel erh\u00e4ltlich.<br \/>\nZuIhrerSicherheitund der unsererMitarbeiterbleibt der Zugangzum Zimmer strengeingeschr\u00e4nkt, umeineKontaminationzuvermeiden, undwirwerden die Zimmer nichtmehrreinigenw\u00e4hrend des Aufenthalts. WennSieeinenWechsel der Handt\u00fccher, eineErg\u00e4nzung der Toilettenartikel (Shampoo, Duschgel, Toilettenpapierusw.) w\u00fcnschenoderdass der Papierkorbgeleertwird, benachrichtigenSie uns bitte mit dem Schild \u201cDanke, mein Zimmer zumachen\u201d amAu\u00dfengriffIhrerT\u00fcrundunsere Teams machenwasn\u00f6tigist.<br \/>\nAm Tag IhrerAbreisesolltenSieIhr Zimmer durch\u00d6ffnen der Fensterl\u00fcften, bevorunsere Teams die R\u00e4umlichkeitenbetreten.<br \/>\n<strong>Restaurants :<\/strong><br \/>\nDie Restaurants des H\u00f4tel du Parc in Niederbronn les Bains, des Alexain in TroisEpisund des H\u00f4tel Munsch in Saint Hippolyte sindge\u00f6ffnet, jedoch mit eingeschr\u00e4nktenMen\u00fcsundgem\u00e4\u00dfdemGesundheitsprotokoll.<br \/>\nDasTrageneinerMaskeistf\u00fcralleIhreVerschiebungen in unserenEinrichtungenobligatorisch.<br \/>\n<strong>Fr\u00fchst\u00fcck :<\/strong><br \/>\nDasFr\u00fchst\u00fcckwird in Buffetformserviertundunser Service wird von unserenMitarbeiternangeboten.<br \/>\n<strong>Schwimmb\u00e4der, WellnessundBehandlungen:<\/strong><br \/>\nIm Rahmen des Gesundheitsprotokollsmussf\u00fcr die Nutzung des SchwimmbadeseinphysischerAbstand von 2 MeternundeineMessgr\u00f6\u00dfe von 50% der autorisiertenBelegschafteingehaltenwerden. Die Anzeigeendetam 30. Juni mit der Verpflichtung, in den folgendenMonateneinenphysischenAbstand von 2 Meterneinzuhalten.<br \/>\nSchlie\u00dff\u00e4chersindw\u00e4hrend der Covid-Zeit nichtzug\u00e4nglich.<br \/>\nF\u00fcrBehandlungenwerdenunsereKabinenzwischenjedemKundendesinfiziertunddasTrageneinerMaskeistw\u00e4hrend der Behandlungobligatorisch.<\/p>\n<p><strong>WeitereInformationen:<\/strong><br \/>\n\u2022 In jederEinrichtungwurdeein COVID-19-Referent ernannt, um die UmsetzungguterHygienepraktikenund -verfahrensicherzustellen.<br \/>\n\u2022 WirrespektierenBarrieregesten. Siesindf\u00fcrSieebensoverbindlichwief\u00fcrunsereMitarbeiterundAuftragnehmer.<br \/>\n\u2022 WirreduzierendasKontaminationsrisiko, indemwirZahlungen per Kreditkartef\u00f6rdern, alleunn\u00f6tigenGegenst\u00e4ndeim Zimmer und an der Rezeptionentfernen.<br \/>\n\u2022 Wirwenden die geltendenEmpfehlungenbeiVerdachtaufAnsteckungauf Covid-19 an.[\/vc_column_text][\/vc_column][\/vc_row]<\/p>\n<\/div>","protected":false},"excerpt":{"rendered":"<p>[vc_row][vc_column][vc_column_text] \u00ab Covid-19 Gesundheitsma\u00dfnahmen \u00bb Aufgrund von COVID-19 undum den von der RegierunggefordertenGesundheitsanweisungenzuentsprechen, musstenwirunsereArbeitsorganisationanpassen, umIhreSicherheitund die unsererMitarbeiterbestm\u00f6glichzugew\u00e4hrleisten. DasHotel : Die Rezeptionhei\u00dftSieunterstrikterEinhaltung der Gesundheitsanweisungenwillkommen: Bewegungsrichtungen, die durchPfeileaufdem Boden materialisiertsind, wurdeneingerichtet, und an mehrerenStellenunsererEinrichtungenisthydroalkoholisches Gel erh\u00e4ltlich. ZuIhrerSicherheitund der unsererMitarbeiterbleibt der Zugangzum Zimmer strengeingeschr\u00e4nkt, umeineKontaminationzuvermeiden, undwirwerden die Zimmer&#8230;<\/p>\n","protected":false},"author":1,"featured_media":0,"parent":0,"menu_order":0,"comment_status":"closed","ping_status":"closed","template":"","meta":{"_seopress_robots_primary_cat":"","_seopress_titles_title":"","_seopress_titles_desc":"","_seopress_robots_index":"","footnotes":""},"class_list":["post-13530","page","type-page","status-publish"],"_links":{"self":[{"href":"https:\/\/resivac.eu\/de\/wp-json\/wp\/v2\/pages\/13530","targetHints":{"allow":["GET"]}}],"collection":[{"href":"https:\/\/resivac.eu\/de\/wp-json\/wp\/v2\/pages"}],"about":[{"href":"https:\/\/resivac.eu\/de\/wp-json\/wp\/v2\/types\/page"}],"author":[{"embeddable":true,"href":"https:\/\/resivac.eu\/de\/wp-json\/wp\/v2\/users\/1"}],"replies":[{"embeddable":true,"href":"https:\/\/resivac.eu\/de\/wp-json\/wp\/v2\/comments?post=13530"}],"version-history":[{"count":1,"href":"https:\/\/resivac.eu\/de\/wp-json\/wp\/v2\/pages\/13530\/revisions"}],"predecessor-version":[{"id":13770,"href":"https:\/\/resivac.eu\/de\/wp-json\/wp\/v2\/pages\/13530\/revisions\/13770"}],"wp:attachment":[{"href":"https:\/\/resivac.eu\/de\/wp-json\/wp\/v2\/media?parent=13530"}],"curies":[{"name":"wp","href":"https:\/\/api.w.org\/{rel}","templated":true}]}}