{"id":10647,"date":"2016-05-23T11:46:46","date_gmt":"2016-05-23T11:46:46","guid":{"rendered":"https:\/\/resivac.eu\/hotels-en-alsace\/weba_prod-anti-spam\/"},"modified":"2024-12-07T20:53:14","modified_gmt":"2024-12-07T19:53:14","slug":"weba_prod-anti-spam","status":"publish","type":"page","link":"https:\/\/resivac.eu\/de\/hotels-en-alsace\/weba_prod-anti-spam\/","title":{"rendered":"Kontakt"},"content":{"rendered":"<div class=\"wpb-content-wrapper\"><p>[vc_row][vc_column width=&#8221;1\/2&#8243; css=&#8221;.vc_custom_1578203975077{margin-bottom: 0px !important;background-color: rgba(237,237,237,0.42) !important;*background-color: rgb(237,237,237) !important;}&#8221;][vc_custom_heading text=&#8221;Kontakt&#8221; font_container=&#8221;tag:h2|font_size:24px|text_align:left|color:%23222222|line_height:1em&#8221; use_theme_fonts=&#8221;yes&#8221; css=&#8221;.vc_custom_1574441332669{margin-bottom: 13px !important;}&#8221;][vc_column_text css=&#8221;.vc_custom_1733600953717{margin-bottom: 29px !important;}&#8221;]F\u00fcr Anfragen, spezielle W\u00fcnsche, Stornierungen oder \u00c4nderungen der Reservierung kontaktieren Sie uns bitte \u00fcber das untenstehende\u00a0Formular.[\/vc_column_text]<p class=\"wpcf7-invalid-action-url\"><strong>Error:<\/strong> Invalid action URL is detected.<\/p>[\/vc_column][vc_column width=&#8221;1\/2&#8243; css=&#8221;.vc_custom_1533364406020{margin-bottom: 0px !important;}&#8221;][vc_single_image image=&#8221;10648&#8243; img_size=&#8221;medium&#8221; alignment=&#8221;center&#8221; onclick=&#8221;custom_link&#8221; link=&#8221;https:\/\/resivac.eu\/&#8221;][vc_column_text css=&#8221;&#8221;]<\/p>\n<h2>RESIVAC Hotels Alsace<\/h2>\n<p>reservation@resivac.net<br \/>\n<i class=\"fa fa-phone-square\"><\/i> (+33) 3 88 20 87 88<br \/>\n<i class=\"fa fa-globe\"><\/i> <a href=\"https:\/\/resivac.eu\" target=\"_blank\" rel=\"noopener noreferrer\">www.resivac.eu<\/a>[\/vc_column_text][\/vc_column][\/vc_row]<\/p>\n<\/div>","protected":false},"excerpt":{"rendered":"<p>[vc_row][vc_column width=&#8221;1\/2&#8243; css=&#8221;.vc_custom_1578203975077{margin-bottom: 0px !important;background-color: rgba(237,237,237,0.42) !important;*background-color: rgb(237,237,237) !important;}&#8221;][vc_custom_heading text=&#8221;Kontakt&#8221; font_container=&#8221;tag:h2|font_size:24px|text_align:left|color:%23222222|line_height:1em&#8221; use_theme_fonts=&#8221;yes&#8221; css=&#8221;.vc_custom_1574441332669{margin-bottom: 13px !important;}&#8221;][vc_column_text css=&#8221;.vc_custom_1733600953717{margin-bottom: 29px !important;}&#8221;]F\u00fcr Anfragen, spezielle W\u00fcnsche, Stornierungen oder \u00c4nderungen der Reservierung kontaktieren Sie uns bitte \u00fcber das untenstehende\u00a0Formular.[\/vc_column_text][\/vc_column][vc_column width=&#8221;1\/2&#8243; css=&#8221;.vc_custom_1533364406020{margin-bottom: 0px !important;}&#8221;][vc_single_image image=&#8221;10648&#8243; img_size=&#8221;medium&#8221; alignment=&#8221;center&#8221; onclick=&#8221;custom_link&#8221; link=&#8221;https:\/\/resivac.eu\/&#8221;][vc_column_text css=&#8221;&#8221;] RESIVAC Hotels&#8230;<\/p>\n","protected":false},"author":1,"featured_media":12625,"parent":10327,"menu_order":0,"comment_status":"closed","ping_status":"closed","template":"","meta":{"_seopress_robots_primary_cat":"","_seopress_titles_title":"Resivac Hotels und Suiten im Elsass | Reservierungsanfrage","_seopress_titles_desc":"Buchen Sie Ihren Aufenthalt im Elsass. Hotelreservierungsanfrage in Elsass Grand-est. Resivac Elsass - Reservierungsservice (+33) 3 88 20 87 88","_seopress_robots_index":"","footnotes":""},"class_list":["post-10647","page","type-page","status-publish","has-post-thumbnail"],"_links":{"self":[{"href":"https:\/\/resivac.eu\/de\/wp-json\/wp\/v2\/pages\/10647","targetHints":{"allow":["GET"]}}],"collection":[{"href":"https:\/\/resivac.eu\/de\/wp-json\/wp\/v2\/pages"}],"about":[{"href":"https:\/\/resivac.eu\/de\/wp-json\/wp\/v2\/types\/page"}],"author":[{"embeddable":true,"href":"https:\/\/resivac.eu\/de\/wp-json\/wp\/v2\/users\/1"}],"replies":[{"embeddable":true,"href":"https:\/\/resivac.eu\/de\/wp-json\/wp\/v2\/comments?post=10647"}],"version-history":[{"count":4,"href":"https:\/\/resivac.eu\/de\/wp-json\/wp\/v2\/pages\/10647\/revisions"}],"predecessor-version":[{"id":15172,"href":"https:\/\/resivac.eu\/de\/wp-json\/wp\/v2\/pages\/10647\/revisions\/15172"}],"up":[{"embeddable":true,"href":"https:\/\/resivac.eu\/de\/wp-json\/wp\/v2\/pages\/10327"}],"wp:featuredmedia":[{"embeddable":true,"href":"https:\/\/resivac.eu\/de\/wp-json\/wp\/v2\/media\/12625"}],"wp:attachment":[{"href":"https:\/\/resivac.eu\/de\/wp-json\/wp\/v2\/media?parent=10647"}],"curies":[{"name":"wp","href":"https:\/\/api.w.org\/{rel}","templated":true}]}}